{"id":3353,"date":"2025-02-09T18:25:22","date_gmt":"2025-02-09T18:25:22","guid":{"rendered":"https:\/\/haidegabriele.ro\/servicii-ltc-la-ibolya-asistenta-si-reabilitare-pe-termen-lung\/"},"modified":"2025-08-13T16:07:58","modified_gmt":"2025-08-13T16:07:58","slug":"servicii-ltc-la-ibolya-asistenta-si-reabilitare-pe-termen-lung","status":"publish","type":"page","link":"https:\/\/haidegabriele.ro\/ro\/servicii-ltc-la-ibolya-asistenta-si-reabilitare-pe-termen-lung\/","title":{"rendered":"Servicii LTC la Ibolya: asisten\u021b\u0103 \u0219i reabilitare pe termen lung"},"content":{"rendered":"\n\n\nProiectul Gyer\u00fcnk\n\n\n\nIbolya Servicii LTC Asisten\u021b\u0103 &#038; Reabilitare\n\n\n\n<div id=\"ez-toc-container\" class=\"ez-toc-v2_0_82_2 counter-hierarchy ez-toc-counter ez-toc-grey ez-toc-container-direction\">\n<div class=\"ez-toc-title-container\">\n<p class=\"ez-toc-title\" style=\"cursor:inherit\">Table of Contents<\/p>\n<span class=\"ez-toc-title-toggle\"><a href=\"#\" class=\"ez-toc-pull-right ez-toc-btn ez-toc-btn-xs ez-toc-btn-default ez-toc-toggle\" aria-label=\"Toggle Table of Content\"><span class=\"ez-toc-js-icon-con\"><span class=\"\"><span class=\"eztoc-hide\" style=\"display:none;\">Toggle<\/span><span class=\"ez-toc-icon-toggle-span\"><svg style=\"fill: #999;color:#999\" xmlns=\"http:\/\/www.w3.org\/2000\/svg\" class=\"list-377408\" width=\"20px\" height=\"20px\" viewBox=\"0 0 24 24\" fill=\"none\"><path d=\"M6 6H4v2h2V6zm14 0H8v2h12V6zM4 11h2v2H4v-2zm16 0H8v2h12v-2zM4 16h2v2H4v-2zm16 0H8v2h12v-2z\" fill=\"currentColor\"><\/path><\/svg><svg style=\"fill: #999;color:#999\" class=\"arrow-unsorted-368013\" xmlns=\"http:\/\/www.w3.org\/2000\/svg\" width=\"10px\" height=\"10px\" viewBox=\"0 0 24 24\" version=\"1.2\" baseProfile=\"tiny\"><path d=\"M18.2 9.3l-6.2-6.3-6.2 6.3c-.2.2-.3.4-.3.7s.1.5.3.7c.2.2.4.3.7.3h11c.3 0 .5-.1.7-.3.2-.2.3-.5.3-.7s-.1-.5-.3-.7zM5.8 14.7l6.2 6.3 6.2-6.3c.2-.2.3-.5.3-.7s-.1-.5-.3-.7c-.2-.2-.4-.3-.7-.3h-11c-.3 0-.5.1-.7.3-.2.2-.3.5-.3.7s.1.5.3.7z\"\/><\/svg><\/span><\/span><\/span><\/a><\/span><\/div>\n<nav><ul class='ez-toc-list ez-toc-list-level-1 ' ><ul class='ez-toc-list-level-5' ><li class='ez-toc-heading-level-5'><ul class='ez-toc-list-level-5' ><li class='ez-toc-heading-level-5'><ul class='ez-toc-list-level-5' ><li class='ez-toc-heading-level-5'><a class=\"ez-toc-link ez-toc-heading-1\" href=\"https:\/\/haidegabriele.ro\/ro\/servicii-ltc-la-ibolya-asistenta-si-reabilitare-pe-termen-lung\/#Pentru_o_Viata_Independenta_intr-un_Mediu_Primitor\" >Pentru o Via\u021b\u0103 Independent\u0103 \u00eentr-un Mediu Primitor<\/a><\/li><\/ul><\/li><\/ul><\/li><\/ul><\/li><li class='ez-toc-page-1 ez-toc-heading-level-2'><a class=\"ez-toc-link ez-toc-heading-2\" href=\"https:\/\/haidegabriele.ro\/ro\/servicii-ltc-la-ibolya-asistenta-si-reabilitare-pe-termen-lung\/#Metodologia_de_Operare\" >Metodologia de Operare<\/a><ul class='ez-toc-list-level-3' ><li class='ez-toc-heading-level-3'><a class=\"ez-toc-link ez-toc-heading-3\" href=\"https:\/\/haidegabriele.ro\/ro\/servicii-ltc-la-ibolya-asistenta-si-reabilitare-pe-termen-lung\/#Obiectivele_Serviciului_LTC\" >Obiectivele Serviciului LTC<\/a><\/li><li class='ez-toc-page-1 ez-toc-heading-level-3'><a class=\"ez-toc-link ez-toc-heading-4\" href=\"https:\/\/haidegabriele.ro\/ro\/servicii-ltc-la-ibolya-asistenta-si-reabilitare-pe-termen-lung\/#Servicii_Oferite\" >Servicii Oferite<\/a><\/li><li class='ez-toc-page-1 ez-toc-heading-level-3'><a class=\"ez-toc-link ez-toc-heading-5\" href=\"https:\/\/haidegabriele.ro\/ro\/servicii-ltc-la-ibolya-asistenta-si-reabilitare-pe-termen-lung\/#Spatiile_Resedintei\" >Spa\u021biile Re\u0219edin\u021bei<\/a><ul class='ez-toc-list-level-4' ><li class='ez-toc-heading-level-4'><a class=\"ez-toc-link ez-toc-heading-6\" href=\"https:\/\/haidegabriele.ro\/ro\/servicii-ltc-la-ibolya-asistenta-si-reabilitare-pe-termen-lung\/#Design_si_Functionalitate\" >Design \u0219i Func\u021bionalitate<\/a><\/li><li class='ez-toc-page-1 ez-toc-heading-level-4'><a class=\"ez-toc-link ez-toc-heading-7\" href=\"https:\/\/haidegabriele.ro\/ro\/servicii-ltc-la-ibolya-asistenta-si-reabilitare-pe-termen-lung\/#Integrare_Peisagistica\" >Integrare Peisagistic\u0103<\/a><\/li><\/ul><\/li><li class='ez-toc-page-1 ez-toc-heading-level-3'><a class=\"ez-toc-link ez-toc-heading-8\" href=\"https:\/\/haidegabriele.ro\/ro\/servicii-ltc-la-ibolya-asistenta-si-reabilitare-pe-termen-lung\/#Metodologie_si_Abordare\" >Metodologie \u0219i Abordare<\/a><\/li><li class='ez-toc-page-1 ez-toc-heading-level-3'><a class=\"ez-toc-link ez-toc-heading-9\" href=\"https:\/\/haidegabriele.ro\/ro\/servicii-ltc-la-ibolya-asistenta-si-reabilitare-pe-termen-lung\/#Punctele_Cheie_ale_IBOLYA_%E2%80%93_Servicii_LTC_Asistenta_Reabilitare\" >Punctele Cheie ale IBOLYA \u2013 Servicii LTC, Asisten\u021b\u0103 &#038; Reabilitare:<\/a><\/li><\/ul><\/li><li class='ez-toc-page-1 ez-toc-heading-level-2'><a class=\"ez-toc-link ez-toc-heading-10\" href=\"https:\/\/haidegabriele.ro\/ro\/servicii-ltc-la-ibolya-asistenta-si-reabilitare-pe-termen-lung\/#Resurse_si_Legaturi_Externe\" >Resurse \u0219i Leg\u0103turi Externe<\/a><ul class='ez-toc-list-level-3' ><li class='ez-toc-heading-level-3'><a class=\"ez-toc-link ez-toc-heading-11\" href=\"https:\/\/haidegabriele.ro\/ro\/servicii-ltc-la-ibolya-asistenta-si-reabilitare-pe-termen-lung\/#Alatura-te_noua\" >Al\u0103tur\u0103-te nou\u0103<\/a><\/li><\/ul><\/li><\/ul><\/nav><\/div>\n<h5><span class=\"ez-toc-section\" id=\"Pentru_o_Viata_Independenta_intr-un_Mediu_Primitor\"><\/span>Pentru o Via\u021b\u0103 Independent\u0103 \u00eentr-un Mediu Primitor<span class=\"ez-toc-section-end\"><\/span><\/h5>\n\n\n\n\n\n\n\n<p>\u00cen cadrul Proiectului Gyer\u00fcnk, re\u0219edin\u021ba IBOLYA ofer\u0103 solu\u021bii inovatoare de Long Term Care (LTC) \u0219i programe de reabilitare concepute pentru persoanele fragile \u0219i v\u00e2rstnice. Unitatea noastr\u0103, proiectat\u0103 s\u0103 g\u0103zduiasc\u0103 12 oaspe\u021bi \u00eentr-un mediu reziden\u021bial personalizat, garanteaz\u0103 asisten\u021b\u0103 continu\u0103 at\u00e2t intern, c\u00e2t \u0219i, prin intermediul serviciului integrat la domiciliu, direct acas\u0103. Cu un design care valorific\u0103 peisajul jude\u021bului S\u0103laj, <strong>Ibolya Servicii LTC Rom\u00e2nia<\/strong> se remarc\u0103 prin excelen\u021ba sa \u00een \u00eengrijirea pe termen lung, cre\u00e2nd spa\u021bii care combin\u0103 confortul, starea de bine \u0219i continuitatea \u00eengrijirii. Suntem un far de sprijin pentru cei care au nevoie de asisten\u021b\u0103 continu\u0103, asigur\u00e2ndu-ne c\u0103 fiecare oaspete prime\u0219te aten\u021bia necesar\u0103.<\/p>\n\n\n\n<p><a href=\"https:\/\/haidegabriele.ro\/gyerunk-proiect\"><u>Descoper\u0103 Proiectul Gyer\u00fcnk<\/u><\/a><\/p>\n\n\n\n\n\n\n\n\n\n<h2><span class=\"ez-toc-section\" id=\"Metodologia_de_Operare\"><\/span>Metodologia de Operare<span class=\"ez-toc-section-end\"><\/span><\/h2>\n\n\n\nParcursul LTC este structurat \u00een diverse faze pentru a garanta o asisten\u021b\u0103 eficient\u0103 \u0219i \u021bintit\u0103:\n\n\n\n\nEvaluare Ini\u021bial\u0103 \u0219i Planificare: O anamnez\u0103 detaliat\u0103 permite identificarea nevoilor specifice \u0219i definirea unui plan de reabilitare personalizat, ce urmeaz\u0103 a fi implementat at\u00e2t la re\u0219edin\u021b\u0103, c\u00e2t \u0219i la domiciliu.\n\n\n\nImplementarea Planului de \u00cengrijire: Prin interven\u021bii \u021bintite \u2013 care includ fizioterapie, terapie ocupa\u021bional\u0103 \u0219i sprijin psihologic \u2013 parcursul este monitorizat \u0219i adaptat constant \u00een func\u021bie de progresele \u00eenregistrate.<br><br>\n\n\n\nMonitorizare Continu\u0103 \u0219i Follow-Up: Utilizarea tehnologiilor avansate permite monitorizarea zilnic\u0103 a progreselor, intervenind \u00een mod prompt \u0219i personalizat, cu un dialog constant cu oaspe\u021bii \u0219i familiile.\n\n\n\nActivit\u0103\u021bi de Preven\u021bie \u0219i Promovare a S\u0103n\u0103t\u0103\u021bii: Pe l\u00e2ng\u0103 terapii, sunt organizate activit\u0103\u021bi formative \u0219i preventive care vizeaz\u0103 \u00eembun\u0103t\u0103\u021birea calit\u0103\u021bii vie\u021bii \u0219i prevenirea \u00eenr\u0103ut\u0103\u021birii st\u0103rii de s\u0103n\u0103tate.\n\n\n\n\n\n\n\n\n<h3><span class=\"ez-toc-section\" id=\"Obiectivele_Serviciului_LTC\"><\/span>Obiectivele Serviciului LTC<span class=\"ez-toc-section-end\"><\/span><\/h3>\n\n\n\n\n<strong>Asisten\u021b\u0103 Continu\u0103 \u0219i Personalizat\u0103:<\/strong> ofer\u0103 suport medical, de nursing \u0219i terapeutic 24 de ore din 24, 7 zile pe s\u0103pt\u0103m\u00e2n\u0103, cu planuri de \u00eengrijire concepute pe m\u0103sur\u0103 \u0219i actualizate constant.\n\n\n\n<strong>Recuperare Func\u021bional\u0103 \u0219i Autonomie:<\/strong> Promovarea recuper\u0103rii motorii \u0219i cognitive prin programe de reabilitare structurate, contribuind la \u00eembun\u0103t\u0103\u021birea calit\u0103\u021bii vie\u021bii.\n\n\n\n<strong>Integrare cu Teritoriul:<\/strong> Integrarea spa\u021biilor verzi \u0219i a zonelor de vindecare care valorific\u0103 peisajul local, sporind efectele terapeutice \u0219i favoriz\u00e2nd o conexiune cu natura.\n\n\n\n<strong>Sprijin pentru Familii \u0219i Continuitatea \u00cengrijirii:<\/strong> Oferim servicii integrate la domiciliu care garanteaz\u0103 aceea\u0219i calitate a \u00eengrijirii oferite la sediu, u\u0219ur\u00e2nd \u0219i povara organizatoric\u0103 a \u00eengrijitorilor.\n\n\n\n\n<h3><span class=\"ez-toc-section\" id=\"Servicii_Oferite\"><\/span>Servicii Oferite<span class=\"ez-toc-section-end\"><\/span><\/h3>\n\n\n\n\n\n\n\n\n<strong>Monitorizare 24\/7<\/strong>: Echipa noastr\u0103 multidisciplinar\u0103 \u2013 format\u0103 din medici, asisten\u021bi medicali, fizioterapeu\u021bi \u0219i psihologi \u2013 asigur\u0103 o monitorizare constant\u0103 \u0219i interven\u021bii prompte pentru fiecare oaspete.\n\n\n\n<strong>Planuri de \u00cengrijire Personalizate:<\/strong> Fiecare oaspete prime\u0219te un parcurs de asisten\u021b\u0103 formulat \u00een func\u021bie de nevoile sale specifice \u0219i actualizat \u00een mod regulat.\n\n\n\n<strong>Ambulatorii \u0219i Servicii de Nursing:<\/strong> Spa\u021biile dedicate permit vizite medicale, tratamente \u021bintite \u0219i consulta\u021bii de specialitate pentru a men\u021bine standarde ridicate de \u00eengrijire zilnic\u0103.\n\n\n\n\n\n\n\n\n\n\n\n<strong>Programe de Reabilitare Structurate:<\/strong> Oferim programe de fizioterapie, logopedie \u0219i terapie ocupa\u021bional\u0103 concepute pentru a promova recuperarea func\u021bional\u0103 \u0219i a favoriza autonomia.\n\n\n\n<strong>Activit\u0103\u021bi Terapeutice Complementare:<\/strong> Experien\u021ba gr\u0103din\u0103ritului terapeutic, prin gr\u0103dini \u00een\u0103l\u021bate \u0219i spa\u021bii verzi, ofer\u0103 o abordare practic\u0103 ce stimuleaz\u0103 starea de bine psihofizic\u0103. (Descoper\u0103 detaliile pe pagina noastr\u0103)\n\n\n\n\n\n\n\n\n\n\n\n<strong>Serviciu de Asisten\u021b\u0103 la Domiciliu:<\/strong> Pentru oaspe\u021bii care prefer\u0103 s\u0103 r\u0103m\u00e2n\u0103 \u00een mediul lor familial, IBOLYA ofer\u0103 suport complet la domiciliu, incluz\u00e2nd monitorizare medical\u0103, sesiuni de fizioterapie \u0219i suport psihologic.\n\n\n\n<strong>Integrare Continu\u0103:<\/strong> Serviciul la domiciliu este conceput pentru a men\u021bine aceea\u0219i calitate a \u00eengrijirii \u0219i a se integra perfect cu activit\u0103\u021bile desf\u0103\u0219urate la re\u0219edin\u021b\u0103.\n\n\n\n<em><font style=\"vertical-align: inherit;\"><font style=\"vertical-align: inherit;\">(Descoper\u0103 detaliile pe pagina noastr\u0103 <\/font><\/font><\/em><a href=\"https:\/\/haidegabriele.ro\/inclusione-sociale-ibolya-romania\/attivita-terapeutiche-il-percorso-integrato-di-gyerunk\/\"><u><font style=\"vertical-align: inherit;\"><font style=\"vertical-align: inherit;\">Activit\u0103\u021bi Terapeutice \u2013 Parcursul Integrat Gyer\u00fcnk<\/font><\/font><\/u><\/a><em><font style=\"vertical-align: inherit;\"><font style=\"vertical-align: inherit;\"> ).<\/font><\/font><\/em>\n\n\n\n\n\n\n\n\n\n\n<h3><span class=\"ez-toc-section\" id=\"Spatiile_Resedintei\"><\/span>Spa\u021biile Re\u0219edin\u021bei<span class=\"ez-toc-section-end\"><\/span><\/h3>\n\n\n\n\n\n<h4><span class=\"ez-toc-section\" id=\"Design_si_Functionalitate\"><\/span>Design \u0219i Func\u021bionalitate<span class=\"ez-toc-section-end\"><\/span><\/h4>\n\n\n\n<p><strong>Mini-locuin\u021be Personalizabile:<\/strong> <br>Cele 12 locuri de cazare ale unit\u0103\u021bii sunt organizate \u00een medii reziden\u021biale concepute pentru a garanta confort \u0219i intimitate. Oaspe\u021bii \u00ee\u0219i pot personaliza propriile spa\u021bii pentru a se sim\u021bi mai mult acas\u0103, reduc\u00e2nd sentimentul de dezorientare.<\/p>\n\n\n\n<p><strong>Zone Comune \u0219i Medii Sociale:<\/strong> <br>S\u0103lile de relaxare, zonele de convivialitate, cantina \u0219i zonele multifunc\u021bionale sunt concepute pentru a \u00eencuraja interac\u021biunea \u0219i socializarea, contribuind la starea de bine zilnic\u0103 a oaspe\u021bilor.<\/p>\n\n\n\n\n\n<h4><span class=\"ez-toc-section\" id=\"Integrare_Peisagistica\"><\/span>Integrare Peisagistic\u0103<span class=\"ez-toc-section-end\"><\/span><\/h4>\n\n\n\n<p>Structura se integreaz\u0103 armonios cu peisajul jude\u021bului S\u0103laj. Gr\u0103dini curative ample, terase panoramice \u0219i trasee naturale nu numai c\u0103 \u00eembun\u0103t\u0103\u021besc estetica structurii, dar ac\u021bioneaz\u0103 \u0219i ca element terapeutic, favoriz\u00e2nd recuperarea psihofizic\u0103 \u0219i integrarea cu mediul.<br><em>(Pentru aprofund\u0103ri pe aceast\u0103 tem\u0103, viziteaz\u0103 pagina <\/em><a href=\"https:\/\/haidegabriele.ro\/gyerunk-progetto-olistico-in-romania\/inclusione-sociale-ilboya-romania\/ilboya-spazi-accoglienti-funzionali\/\"><u> Spa\u021bii Primitoare \u0219i Func\u021bionale IBOLYA<\/u><\/a><em>).<\/em><\/p>\n\n\n\n\n\n\n\n<h3><span class=\"ez-toc-section\" id=\"Metodologie_si_Abordare\"><\/span>Metodologie \u0219i Abordare<span class=\"ez-toc-section-end\"><\/span><\/h3>\n\n\n\n<p><strong>Abordare Multidisciplinar\u0103:<\/strong> <br>Echipa noastr\u0103 lucreaz\u0103 \u00een sinergie, combin\u00e2nd competen\u021be medicale, de nursing, fizioterapeutice \u0219i psihologice pentru a crea planuri de \u00eengrijire dinamice \u0219i personalizate.<\/p>\n\n\n\n<p><strong>Centralitatea Persoanei:<\/strong> <br>Fiecare program de \u00eengrijire este definit \u00een colaborare cu oaspe\u021bii \u0219i familiile lor, garant\u00e2nd o interven\u021bie care respect\u0103 nevoile individuale.<\/p>\n\n\n\n<p><strong>Integrare cu Teritoriul:<\/strong> <br>Valorificarea spa\u021biilor naturale \u0219i a contextului peisagistic local \u00eembog\u0103\u021be\u0219te parcursul terapeutic, oferind beneficii at\u00e2t fizice, c\u00e2t \u0219i psihologice.<\/p>\n\n\n\n<p><strong>Servicii Integrate pentru Bun\u0103stare:<\/strong>  <br>Structura favorizeaz\u0103 o integrare complet\u0103 a serviciilor, coordon\u00e2nd activit\u0103\u021bile interne cu suportul oferit de serviciul la domiciliu.  <br><em>(Pentru mai multe informa\u021bii despre cum se integreaz\u0103 serviciile pentru bun\u0103stare, viziteaz\u0103 <\/em><a href=\"https:\/\/haidegabriele.ro\/servizi-integrati-per-il-benessere-ibolya\/\"><u> Servicii Integrate pentru Bun\u0103stare IBOLYA<\/u><\/a><em>).<\/em><\/p>\n\n\n\n\n\n<p>Pe scurt, <strong>Ibolya Servicii LTC Rom\u00e2nia<\/strong> este partenerul t\u0103u de \u00eencredere pentru o asisten\u021b\u0103 pe termen lung care face cu adev\u0103rat diferen\u021ba. Misiunea noastr\u0103 este de a garanta o asisten\u021b\u0103 personalizat\u0103 \u0219i de \u00eenalt\u0103 calitate, \u00eentr-un mediu senin \u0219i stimulant, care respect\u0103 demnitatea \u0219i nevoile fiec\u0103rui individ. Suntem m\u00e2ndri s\u0103 oferim un suport complet \u0219i holistic, care r\u0103spunde nu doar nevoilor fizice, ci \u0219i celor emo\u021bionale \u0219i sociale ale oaspe\u021bilor no\u0219tri, promov\u00e2nd incluziunea \u0219i bun\u0103starea. Contacteaz\u0103-ne pentru a descoperi cum putem \u00eembun\u0103t\u0103\u021bi via\u021ba celor dragi \u0219i a construi un viitor mai bun \u00eempreun\u0103.<\/p>\n\n\n\n\n\n<p>Lorem Ipsum has been the industry&#8217;s standard dummy text ever since the 1500s.<\/p><br>\n\n\n\n\n\n<h3><span class=\"ez-toc-section\" id=\"Punctele_Cheie_ale_IBOLYA_%E2%80%93_Servicii_LTC_Asistenta_Reabilitare\"><\/span>Punctele Cheie ale IBOLYA \u2013 Servicii LTC, Asisten\u021b\u0103 &#038; Reabilitare:<span class=\"ez-toc-section-end\"><\/span><\/h3>\n\n\n\n\n<strong>12 Locuri de Cazare \u00eentr-un Mediu Personalizat:<\/strong> Structura este conceput\u0103 pentru a g\u0103zdui 12 pacien\u021bi, garant\u00e2nd o asisten\u021b\u0103 direct\u0103 \u0219i personalizat\u0103.\n\n\n\n<strong>Asisten\u021b\u0103 Continu\u0103 24 de ore din 24, 7 zile pe s\u0103pt\u0103m\u00e2n\u0103:<\/strong> Echipa noastr\u0103 multidisciplinar\u0103 garanteaz\u0103 o monitorizare constant\u0103 \u0219i interven\u021bii prompte, adapt\u00e2nd regulat planurile de \u00eengrijire.\n\n\n\n<strong>Spa\u021bii Primitoare \u0219i Func\u021bionale:<\/strong> Mini-locuin\u021be personalizabile \u0219i zone comune concepute pentru a favoriza confortul, socializarea \u0219i starea de bine zilnic\u0103.\n\n\n\n<strong>Design \u0219i Integrare Peisagistic\u0103:<\/strong> Arhitectura se integreaz\u0103 cu peisajul jude\u021bului S\u0103laj, datorit\u0103 gr\u0103dinilor curative \u0219i spa\u021biilor verzi care sporesc efectul terapeutic.\n\n\n\n<strong>Asisten\u021b\u0103 la Domiciliu Integrat\u0103:<\/strong> Un serviciu la 360\u00b0 care garanteaz\u0103 continuitatea \u00eengrijirii \u0219i \u00een afara structurii, men\u021bin\u00e2nd standarde de calitate ridicate.\n\n\n\n\n\n\n<h2><span class=\"ez-toc-section\" id=\"Resurse_si_Legaturi_Externe\"><\/span>Resurse \u0219i Leg\u0103turi Externe<span class=\"ez-toc-section-end\"><\/span><\/h2>\n\n\n\n<p>Pentru a aprofunda ecosistemul \u0219i contextul Proiectului Gyer\u00fcnk, v\u0103 recomand\u0103m s\u0103 consulta\u021bi urm\u0103toarele:<\/p>\n\n\n\n\n\n<p><a href=\"https:\/\/www.fao.org\/home\/en\/\" target=\"_blank\" rel=\"noopener\"><u>FAO \u2013 Organiza\u021bia pentru Alimenta\u021bie \u0219i Agricultur\u0103<\/u><\/a><\/p>\n\n\n\n<p><a href=\"https:\/\/www.ms.ro\/\" target=\"_blank\" rel=\"noopener\"><u>Ministerul S\u0103n\u0103t\u0103\u021bii (Romania)<\/u><\/a><\/p>\n\n\n\n\n\n<p><a href=\"https:\/\/www.onehealthcommission.org\/\" target=\"_blank\" rel=\"noopener\"><u>Comisia One Health<\/u><\/a><\/p>\n\n\n\n<p><a href=\"https:\/\/www.madr.ro\/\" target=\"_blank\" rel=\"noopener\"><u>Ministerul Agriculturii, P\u0103durilor \u0219i Dezvolt\u0103rii Rurale (Romania)<\/u><\/a><\/p>\n\n\n\n\n\n\n\n<h3><span class=\"ez-toc-section\" id=\"Alatura-te_noua\"><\/span>Al\u0103tur\u0103-te nou\u0103<span class=\"ez-toc-section-end\"><\/span><\/h3>\n\n\n\n<p>Dac\u0103 dore\u0219ti s\u0103 descoperi cum <strong>IBOLYA \u2013 Servicii LTC, Asisten\u021b\u0103 &#038; Reabilitare<\/strong> poate face diferen\u021ba \u00een via\u021ba de zi cu zi a oaspe\u021bilor \u0219i poate contribui la bun\u0103starea jude\u021bului S\u0103laj, <a href=\"https:\/\/haidegabriele.ro\/contatti\"><u>contacteaz\u0103-ne<\/u><\/a> pentru mai multe informa\u021bii sau pentru a organiza o vizit\u0103 la structura noastr\u0103. Pentru a cunoa\u0219te \u00eentregul ecosistem al Proiectului Gyer\u00fcnk, viziteaz\u0103 <u><a href=\"https:\/\/haidegabriele.ro\/gyerunk-proiect\">Proiectul Gyer\u00fcnk<\/a><\/u> \u0219i <a href=\"https:\/\/haidegabriele.ro\/gyerunk-diventa-volontario\/\"><u>devino voluntar<\/u><\/a>.<\/p>\n\n\n\n<p><span style=\"color: rgb(255, 255, 255);\">Lorem ipsum dolor sit amet, consectetur adipiscing elit, sed do eiusmod tempor. consectetur adipiscing elit, sed do eiusmod tempor<\/span><\/p><br>\n\n\n\n\n\n<p><strong>IBOLYA \u2013 Servicii LTC, Asisten\u021b\u0103 &#038; Reabilitare<\/strong> reprezint\u0103 un pilon fundamental al Proiectului Gyer\u00fcnk. Gra\u021bie unei abord\u0103ri multidisciplinare, spa\u021biilor concepute pentru bun\u0103stare \u0219i unei integr\u0103ri puternice cu teritoriul, structura noastr\u0103 transform\u0103 \u00eengrijirea pe termen lung \u00eentr-o resurs\u0103 activ\u0103 pentru recuperarea func\u021bional\u0103 \u0219i autonomia oaspe\u021bilor din jude\u021bul S\u0103laj.<\/p><p><a href=\"https:\/\/haidegabriele.ro\/progetto-gyerunk\/risorse-gyerunk\/\"><u>Consult\u0103 resursele Proiectului Gyer\u00fcnk<\/u><\/a><\/p>\n\n\n","protected":false},"excerpt":{"rendered":"","protected":false},"author":2,"featured_media":0,"parent":0,"menu_order":0,"comment_status":"closed","ping_status":"closed","template":"","meta":{"pagelayer_contact_templates":[],"_pagelayer_content":"","footnotes":""},"class_list":["post-3353","page","type-page","status-publish","hentry"],"_links":{"self":[{"href":"https:\/\/haidegabriele.ro\/ro\/wp-json\/wp\/v2\/pages\/3353","targetHints":{"allow":["GET"]}}],"collection":[{"href":"https:\/\/haidegabriele.ro\/ro\/wp-json\/wp\/v2\/pages"}],"about":[{"href":"https:\/\/haidegabriele.ro\/ro\/wp-json\/wp\/v2\/types\/page"}],"author":[{"embeddable":true,"href":"https:\/\/haidegabriele.ro\/ro\/wp-json\/wp\/v2\/users\/2"}],"replies":[{"embeddable":true,"href":"https:\/\/haidegabriele.ro\/ro\/wp-json\/wp\/v2\/comments?post=3353"}],"version-history":[{"count":2,"href":"https:\/\/haidegabriele.ro\/ro\/wp-json\/wp\/v2\/pages\/3353\/revisions"}],"predecessor-version":[{"id":3634,"href":"https:\/\/haidegabriele.ro\/ro\/wp-json\/wp\/v2\/pages\/3353\/revisions\/3634"}],"wp:attachment":[{"href":"https:\/\/haidegabriele.ro\/ro\/wp-json\/wp\/v2\/media?parent=3353"}],"curies":[{"name":"wp","href":"https:\/\/api.w.org\/{rel}","templated":true}]}}