{"id":3415,"date":"2025-06-27T06:16:41","date_gmt":"2025-06-27T06:16:41","guid":{"rendered":"https:\/\/haidegabriele.ro\/acasa\/"},"modified":"2025-08-10T06:23:05","modified_gmt":"2025-08-10T06:23:05","slug":"acasa","status":"publish","type":"page","link":"https:\/\/haidegabriele.ro\/ro\/","title":{"rendered":"Acas\u0103"},"content":{"rendered":"\n\n\n<div id=\"ez-toc-container\" class=\"ez-toc-v2_0_82_2 counter-hierarchy ez-toc-counter ez-toc-grey ez-toc-container-direction\">\n<div class=\"ez-toc-title-container\">\n<p class=\"ez-toc-title\" style=\"cursor:inherit\">Table of Contents<\/p>\n<span class=\"ez-toc-title-toggle\"><a href=\"#\" class=\"ez-toc-pull-right ez-toc-btn ez-toc-btn-xs ez-toc-btn-default ez-toc-toggle\" aria-label=\"Toggle Table of Content\"><span class=\"ez-toc-js-icon-con\"><span class=\"\"><span class=\"eztoc-hide\" style=\"display:none;\">Toggle<\/span><span class=\"ez-toc-icon-toggle-span\"><svg style=\"fill: #999;color:#999\" xmlns=\"http:\/\/www.w3.org\/2000\/svg\" class=\"list-377408\" width=\"20px\" height=\"20px\" viewBox=\"0 0 24 24\" fill=\"none\"><path d=\"M6 6H4v2h2V6zm14 0H8v2h12V6zM4 11h2v2H4v-2zm16 0H8v2h12v-2zM4 16h2v2H4v-2zm16 0H8v2h12v-2z\" fill=\"currentColor\"><\/path><\/svg><svg style=\"fill: #999;color:#999\" class=\"arrow-unsorted-368013\" xmlns=\"http:\/\/www.w3.org\/2000\/svg\" width=\"10px\" height=\"10px\" viewBox=\"0 0 24 24\" version=\"1.2\" baseProfile=\"tiny\"><path d=\"M18.2 9.3l-6.2-6.3-6.2 6.3c-.2.2-.3.4-.3.7s.1.5.3.7c.2.2.4.3.7.3h11c.3 0 .5-.1.7-.3.2-.2.3-.5.3-.7s-.1-.5-.3-.7zM5.8 14.7l6.2 6.3 6.2-6.3c.2-.2.3-.5.3-.7s-.1-.5-.3-.7c-.2-.2-.4-.3-.7-.3h-11c-.3 0-.5.1-.7.3-.2.2-.3.5-.3.7s.1.5.3.7z\"\/><\/svg><\/span><\/span><\/span><\/a><\/span><\/div>\n<nav><ul class='ez-toc-list ez-toc-list-level-1 ' ><li class='ez-toc-page-1 ez-toc-heading-level-2'><a class=\"ez-toc-link ez-toc-heading-1\" href=\"https:\/\/haidegabriele.ro\/ro\/#Bun_venit_pe_site-ul_oficial_al_Asociatiei_Haide_Gabriele\" >Bun venit pe site-ul oficial al Asocia\u021biei Haide Gabriele!<\/a><ul class='ez-toc-list-level-3' ><li class='ez-toc-heading-level-3'><a class=\"ez-toc-link ez-toc-heading-2\" href=\"https:\/\/haidegabriele.ro\/ro\/#CINE_SUNTEM\" >CINE SUNTEM<\/a><\/li><li class='ez-toc-page-1 ez-toc-heading-level-3'><a class=\"ez-toc-link ez-toc-heading-3\" href=\"https:\/\/haidegabriele.ro\/ro\/#Viziunea_Noastra\" >Viziunea Noastr\u0103<\/a><\/li><li class='ez-toc-page-1 ez-toc-heading-level-3'><a class=\"ez-toc-link ez-toc-heading-4\" href=\"https:\/\/haidegabriele.ro\/ro\/#Misiunea_Noastra\" >Misiunea Noastr\u0103<\/a><\/li><\/ul><\/li><li class='ez-toc-page-1 ez-toc-heading-level-2'><a class=\"ez-toc-link ez-toc-heading-5\" href=\"https:\/\/haidegabriele.ro\/ro\/#Abordam_provocarile_din_teritoriu\" >Abord\u0103m provoc\u0103rile din teritoriu:<\/a><\/li><li class='ez-toc-page-1 ez-toc-heading-level-2'><a class=\"ez-toc-link ez-toc-heading-6\" href=\"https:\/\/haidegabriele.ro\/ro\/#Proiectul_Gyerunk_Un_Model_Integrat\" >Proiectul Gyer\u00fcnk: Un Model Integrat<\/a><\/li><li class='ez-toc-page-1 ez-toc-heading-level-2'><a class=\"ez-toc-link ez-toc-heading-7\" href=\"https:\/\/haidegabriele.ro\/ro\/#Principiile_Noastre_Directoare\" >Principiile Noastre Directoare<\/a><ul class='ez-toc-list-level-3' ><li class='ez-toc-heading-level-3'><a class=\"ez-toc-link ez-toc-heading-8\" href=\"https:\/\/haidegabriele.ro\/ro\/#Cei_Patru_Stalpi_Ai_Nostri\" >Cei Patru St\u00e2lpi Ai No\u0219tri<\/a><ul class='ez-toc-list-level-4' ><li class='ez-toc-heading-level-4'><a class=\"ez-toc-link ez-toc-heading-9\" href=\"https:\/\/haidegabriele.ro\/ro\/#Valori\" >Valori<\/a><\/li><\/ul><\/li><\/ul><\/li><li class='ez-toc-page-1 ez-toc-heading-level-2'><a class=\"ez-toc-link ez-toc-heading-10\" href=\"https:\/\/haidegabriele.ro\/ro\/#Valorile_Noastre\" >Valorile Noastre<\/a><ul class='ez-toc-list-level-5' ><li class='ez-toc-heading-level-5'><ul class='ez-toc-list-level-5' ><li class='ez-toc-heading-level-5'><ul class='ez-toc-list-level-5' ><li class='ez-toc-heading-level-5'><a class=\"ez-toc-link ez-toc-heading-11\" href=\"https:\/\/haidegabriele.ro\/ro\/#Cifre\" >Cifre<\/a><\/li><\/ul><\/li><\/ul><\/li><\/ul><\/li><li class='ez-toc-page-1 ez-toc-heading-level-2'><a class=\"ez-toc-link ez-toc-heading-12\" href=\"https:\/\/haidegabriele.ro\/ro\/#Noi_in_Cifre\" >Noi \u00een Cifre<\/a><ul class='ez-toc-list-level-6' ><li class='ez-toc-heading-level-6'><ul class='ez-toc-list-level-6' ><li class='ez-toc-heading-level-6'><ul class='ez-toc-list-level-6' ><li class='ez-toc-heading-level-6'><ul class='ez-toc-list-level-6' ><li class='ez-toc-heading-level-6'><a class=\"ez-toc-link ez-toc-heading-13\" href=\"https:\/\/haidegabriele.ro\/ro\/#Proiectul_nostru\" >Proiectul nostru<\/a><\/li><\/ul><\/li><\/ul><\/li><\/ul><\/li><\/ul><\/li><li class='ez-toc-page-1 ez-toc-heading-level-2'><a class=\"ez-toc-link ez-toc-heading-14\" href=\"https:\/\/haidegabriele.ro\/ro\/#Experienta_noastra_ne-a_definit\" >Experien\u021ba noastr\u0103 ne-a definit<\/a><\/li><li class='ez-toc-page-1 ez-toc-heading-level-2'><a class=\"ez-toc-link ez-toc-heading-15\" href=\"https:\/\/haidegabriele.ro\/ro\/#Legaturi_Utile\" >Leg\u0103turi Utile<\/a><\/li><\/ul><\/nav><\/div>\n<h2><span class=\"ez-toc-section\" id=\"Bun_venit_pe_site-ul_oficial_al_Asociatiei_Haide_Gabriele\"><\/span>Bun venit pe site-ul oficial al Asocia\u021biei Haide Gabriele!<span class=\"ez-toc-section-end\"><\/span><\/h2>\n\n\n\n<p>Inima activit\u0103\u021bii noastre este Proiectul Gyer\u00fcnk, proiectul nostru de incluziune \u0219i bun\u0103stare.<\/p>\n\n\n\n<p> Acesta este punctul central prin care vom realiza viziunea \u0219i misiunea care ne-au ghidat \u00eenc\u0103 de la fondare.<\/p><br>\n\n\n\n<p>Credem c\u0103 via\u021ba este alc\u0103tuit\u0103 din \u00eent\u00e2lniri \u2014 cu oameni, pove\u0219ti \u0219i experien\u021be. Fiecare clip\u0103, fie c\u0103 este str\u0103lucitoare ca zorii sau mai intens\u0103 ca amurgul, poart\u0103 cu sine \u00eenv\u0103\u021b\u0103turi fundamentale pentru drumul nostru.<\/p>\n\n\n\n<p>Proiectul nostru porne\u0219te de la ideea c\u0103 fiecare \u00eent\u00e2lnire \u0219i fiecare experien\u021b\u0103, fie ea bun\u0103 sau rea, va reprezenta \u00eentotdeauna o ocazie pozitiv\u0103, \u00eembog\u0103\u021bindu-ne parcursul \u0219i \u00eenv\u0103\u021b\u00e2ndu-ne s\u0103 recunoa\u0219tem valoarea intrinsec\u0103 a persoanei.<\/p>\n\n\n\n<p>Cu aceast\u0103 convingere, proiectul nostru se materializeaz\u0103 prin ac\u021biuni concrete de formare, sprijin \u0219i inovare. Avem capacitatea de a accepta chiar \u0219i durerea, consider\u00e2nd-o o parte integrant\u0103 a c\u0103l\u0103toriei umane c\u0103tre o comunitate mai incluziv\u0103 \u0219i mai rezilient\u0103.<\/p>\n\n\n\n\n\n<p>Lorem Ipsum has been the industry&#8217;s standard dummy text ever since the 1500s.<\/p><br>\n\n\n\n\n\n<h3><span class=\"ez-toc-section\" id=\"CINE_SUNTEM\"><\/span>CINE SUNTEM<span class=\"ez-toc-section-end\"><\/span><\/h3>\n\n\n\n<p><strong>Asocia\u021bia Haide Gabriele: incluziune social\u0103 \u0219i agricultur\u0103 social\u0103<\/strong> s-a n\u0103scut din convingerea profund\u0103 c\u0103 este posibil s\u0103 abord\u0103m provoc\u0103rile sociale \u0219i de s\u0103n\u0103tate \u00eentr-un mod inovator \u0219i uman. Fondat\u0103 pe experien\u021ba personal\u0103 \u0219i pe pasiunea pentru bun\u0103starea comunit\u0103\u021bii, asocia\u021bia noastr\u0103 se angajeaz\u0103 s\u0103 promoveze o abordare integrat\u0103 a s\u0103n\u0103t\u0103\u021bii, care merge dincolo de tratarea simptomelor \u0219i se concentreaz\u0103 pe preven\u021bie. Credem cu t\u0103rie \u00een puterea agriculturii sociale ca instrument de incluziune, reabilitare \u0219i \u00eembun\u0103t\u0103\u021bire a calit\u0103\u021bii vie\u021bii \u0219i ne dedic\u0103m cre\u0103rii unui mediu \u00een care fiecare persoan\u0103 se poate sim\u021bi valorizat\u0103 \u0219i \u00eemplinit\u0103..<br>Pentru a afla mai multe despre povestea noastr\u0103, te invit\u0103m s\u0103 cite\u0219ti <a href=\"https:\/\/haidegabriele.ro\/storia-asociatia-haide-gabriele\/\"><u><span style=\"background-color: rgb(255, 255, 255);\">Povestea Noastr\u0103<\/span>.<\/u><\/a><\/p>\n\n\n\n\n\n<h3><span class=\"ez-toc-section\" id=\"Viziunea_Noastra\"><\/span>Viziunea Noastr\u0103<span class=\"ez-toc-section-end\"><\/span><\/h3>\n\n\n\n\n\n<p>Viziunea noastr\u0103 este de a deveni un punct de referin\u021b\u0103 \u00een Jude\u021bul S\u0103laj pentru o abordare inovatoare \u0219i durabil\u0103 a \u00eengrijirii \u0219i incluziunii, demonstr\u00e2nd cum agricultura social\u0103 poate fi un instrument eficient pentru a construi comunit\u0103\u021bi mai reziliente \u0219i mai incluzive.<\/p>\n\n\n\n<p>Pentru mai multe detalii despre misiunea noastr\u0103, viziteaz\u0103 <a href=\"https:\/\/haidegabriele.ro\/mission\/\"><u>pagina Misiune.<\/u><\/a><\/p>\n\n\n\n\n\n\n\n<h3><span class=\"ez-toc-section\" id=\"Misiunea_Noastra\"><\/span><font style=\"vertical-align: inherit;\"><font style=\"vertical-align: inherit;\"><font style=\"vertical-align: inherit;\"><font style=\"vertical-align: inherit;\">Misiunea Noastr\u0103<\/font><\/font><\/font><\/font><span class=\"ez-toc-section-end\"><\/span><\/h3>\n\n\n\n<p>Misiunea noastr\u0103 este de a crea \u0219i gestiona un model de agricultur\u0103 social\u0103 integrat\u0103 care s\u0103 ofere servicii de \u00eenalt\u0103 calitate \u00een domeniul s\u0103n\u0103t\u0103\u021bii, asisten\u021bei sociale, form\u0103rii profesionale \u0219i incluziunii profesionale pentru comunitatea din Jude\u021bul S\u0103laj, \u00eembun\u0103t\u0103\u021bind calitatea vie\u021bii \u0219i promov\u00e2nd bun\u0103starea persoanelor vulnerabile.<\/p>\n\n\n\n\n\n<h2><span class=\"ez-toc-section\" id=\"Abordam_provocarile_din_teritoriu\"><\/span>Abord\u0103m provoc\u0103rile din teritoriu:<span class=\"ez-toc-section-end\"><\/span><\/h2>\n\n\n\n<strong>Lipsa serviciilor:<\/strong> Lipsa de asisten\u021b\u0103 \u00een zonele rurale este o problem\u0103 critic\u0103 \u00een Rom\u00e2nia. Gyer\u00fcnk dore\u0219te s\u0103 umple acest gol, oferind servicii de calitate \u0219i accesibile tuturor.<br><strong>S\u0103r\u0103cie \u0219i inegalitate:<\/strong> Ne angaj\u0103m s\u0103 combatem aceste fenomene, oferind oportunit\u0103\u021bi de incluziune \u0219i cre\u0219tere pentru to\u021bi.<br><strong>Izolare social\u0103:<\/strong> Promov\u0103m socializarea \u0219i participarea activ\u0103 a oaspe\u021bilor la via\u021ba comunit\u0103\u021bii pentru a favoriza bun\u0103starea.\n\n\n\n<h2><span class=\"ez-toc-section\" id=\"Proiectul_Gyerunk_Un_Model_Integrat\"><\/span>Proiectul Gyer\u00fcnk: Un Model Integrat<span class=\"ez-toc-section-end\"><\/span><\/h2>\n\n\n\n<p>Proiectul Gyer\u00fcnk este r\u0103spunsul nostru la aceste nevoi; o ini\u021biativ\u0103 care integreaz\u0103 agricultura social\u0103, servicii medicale \u0219i de asisten\u021b\u0103 social\u0103, formare profesional\u0103 \u0219i incluziune profesional\u0103.<\/p>\n\n\n\n<p>Vrem s\u0103 cre\u0103m un ecosistem de sprijin complet \u0219i personalizat.<br><\/p>\n\n\n\n<h2><span class=\"ez-toc-section\" id=\"Principiile_Noastre_Directoare\"><\/span>Principiile Noastre Directoare<span class=\"ez-toc-section-end\"><\/span><\/h2>\n\n\n\n\n\n<p><span style=\"color: rgb(255, 255, 255);\"><font style=\"vertical-align: inherit;\"><font style=\"vertical-align: inherit;\">A implica oamenii \u00een via\u021ba social\u0103<\/font><\/font><\/span><br><br><\/p>\n\n\n\n<p><span style=\"color: rgb(255, 255, 255);\">A forma \u0219i a preg\u0103ti oamenii pentru munc\u0103<\/span><br><br><\/p>\n\n\n\n\n\n<p><span style=\"color: rgb(255, 255, 255);\"><font style=\"vertical-align: inherit;\"><font style=\"vertical-align: inherit;\">A scoate \u00een eviden\u021b\u0103 poten\u021bialul \u0219i \u00eencrederea fiec\u0103rei persoane<\/font><\/font><\/span><br><br><\/p>\n\n\n\n<p><span style=\"color: rgb(255, 255, 255);\">A oferi servicii recreative \u0219i culturale<\/span><\/p><p><br><\/p>\n\n\n\n\n\n<p><span style=\"color: rgb(255, 255, 255);\">A integra asisten\u021ba agricol\u0103 cu cea sanitar\u0103 \u0219i social\u0103<\/span><br><br><\/p>\n\n\n\n<p><span style=\"color: rgb(255, 255, 255);\">A garanta o via\u021b\u0103 demn\u0103 pentru cei care sufer\u0103 de o boal\u0103 cronic\u0103 sau terminal\u0103<\/span><\/p><p><br><\/p>\n\n\n\n\n\n <h3><span class=\"ez-toc-section\" id=\"Cei_Patru_Stalpi_Ai_Nostri\"><\/span>Cei Patru St\u00e2lpi Ai No\u0219tri<span class=\"ez-toc-section-end\"><\/span><\/h3>\n\n\n\n\n\n<font style=\"vertical-align: inherit;\"><font style=\"vertical-align: inherit;\"><a href=\"https:\/\/haidegabriele.ro\/gyerunk-progetto-olistico-in-romania\/inclusione-sociale-ilboya-romania\/\"><u>Centrul IBOLYA<\/u><\/a>. Un centru sanitar \u0219i de asisten\u021b\u0103 social\u0103 care include sec\u021bii de \u00cengrijire pe Termen Lung, un hospice \u0219i intern\u0103ri reziden\u021biale.<\/font><\/font>\n\n\n\n <a href=\"https:\/\/haidegabriele.ro\/gyerunk-progetto-olistico-in-romania\/salvie-social-farm\/\"><u> Social Farm S.\u00c4.L.V.I.E.<\/u>.<\/a> O ferm\u0103 social\u0103 care ofer\u0103 programe de incluziune socio-profesional\u0103 \u0219i recuperare func\u021bional\u0103.\n\n\n\n\n\n<a href=\"https:\/\/haidegabriele.ro\/gyerunk-progetto-olistico-in-romania\/la-formazione-il-cuore-pulsante-del-progetto-gyerunk\/\"><u>Centrul de Formare R.A.D.A.C.I.N.I.<\/u><\/a>. Dedicat dezvolt\u0103rii de competen\u021be \u00een domeniul agriculturii sociale \u0219i al asisten\u021bei.\n\n\n\n<a href=\"https:\/\/haidegabriele.ro\/wise-inclusione-socio-lavorativa\/\"><u>Programul WISE &#8211; Incluziune Socio-profesional\u0103.<\/u><\/a> Un program pentru a \u00eencuraja integrarea profesional\u0103 \u0219i autonomia.\n\n\n\n\n\n\n\n<h4><span class=\"ez-toc-section\" id=\"Valori\"><\/span>Valori<span class=\"ez-toc-section-end\"><\/span><\/h4>\n\n\n\n<h2><span class=\"ez-toc-section\" id=\"Valorile_Noastre\"><\/span>Valorile Noastre<span class=\"ez-toc-section-end\"><\/span><\/h2>\n\n\n\nCredem \u00eentr-un viitor \u00een care dizabilitatea, boala \u0219i v\u00e2rsta nu sunt limite pentru fericire \u0219i \u00eemplinirea personal\u0103.\n\n\n\n\n\n<strong>Valorizarea persoanei:<\/strong> Fiecare individ este unic \u0219i pre\u021bios, cu nevoile, fragilit\u0103\u021bile \u0219i poten\u021bialul s\u0103u.\n\n\n\n<strong>A<\/strong><span style=\"\"><strong>sisten\u021b\u0103 personalizat\u0103:<\/strong><span style=\"\"><strong><font style=\"vertical-align: inherit;\"><\/font><\/strong>Oferim servicii de \u00eengrijire \u0219i reabilitare care se adapteaz\u0103 nevoilor specifice ale fiec\u0103rui individ, promov\u00e2nd autonomia \u0219i bun\u0103starea.<\/span><\/span>\n\n\n\n<font style=\"vertical-align: inherit;\"><font style=\"vertical-align: inherit;\"><strong>Incluziune social\u0103<\/strong>: Cre\u0103m un mediu primitor \u0219i incluziv, unde fiecare se simte parte dintr-o comunitate \u0219i poate participa activ la via\u021ba social\u0103.<\/font><\/font>\n\n\n\n<strong>Dezvoltare durabil\u0103:<\/strong> ne angaj\u0103m s\u0103 protej\u0103m mediul \u0219i s\u0103 folosim resursele \u00een mod responsabil, pentru a asigura un viitor mai bun genera\u021biilor urm\u0103toare.\n\n\n\n\n\n\n\nPosibilitatea unui studio, pentru uzul exclusiv al pacientului, unde acesta poate tr\u0103i nu ca \u00eentr-un spital, ci \u00eentr-un <br>apartament.\n\n\n\n\n\nSal\u0103 de gimnastic\u0103 cu diferi\u021bi kinetoterapeu\u021bi pentru un program de reabilitare dedicat.\n\n\n\n\n\nMedici \u0219i tehnicieni specializa\u021bi pentru \u00eengrijirea personal\u0103 la nivel sanitar, cu cabinete \u0219i echipamente dedicate.\n\n\n\n\n\n<p>O ser\u0103 agricol\u0103 pentru cultivarea plantelor medicinale, destinat\u0103 produc\u021biei de medicamente naturale pentru utilizare local\u0103.<\/p>\n\n\n\n<p>\u00cei \u00eenv\u0103\u021b\u0103m \u0219i pe pacien\u021bi o meserie util\u0103.<\/p>\n\n\n\n\n\n\n\n<h5><span class=\"ez-toc-section\" id=\"Cifre\"><\/span>Cifre<span class=\"ez-toc-section-end\"><\/span><\/h5>\n\n\n\n<h2><span class=\"ez-toc-section\" id=\"Noi_in_Cifre\"><\/span>Noi \u00een Cifre<span class=\"ez-toc-section-end\"><\/span><\/h2>\n\n\n\n\n\n\n\n\n\n\n\n\n\n\n\n\n\n\n\n\n\n\n\n<p>Gyer\u00fcnk \u00ee\u0219i propune s\u0103 fie un model de incluziune \u0219i solidaritate, care s\u0103 contribuie la reducerea s\u0103r\u0103ciei, a inegalit\u0103\u021bilor \u0219i a izol\u0103rii sociale \u00een regiune.<\/p>\n\n\n\n<h6><span class=\"ez-toc-section\" id=\"Proiectul_nostru\"><\/span>Proiectul nostru<span class=\"ez-toc-section-end\"><\/span><\/h6>\n\n\n\n<h2><span class=\"ez-toc-section\" id=\"Experienta_noastra_ne-a_definit\"><\/span>Experien\u021ba noastr\u0103 ne-a definit<span class=\"ez-toc-section-end\"><\/span><\/h2>\n\n\n\n<p><font style=\"vertical-align: inherit;\"><font style=\"vertical-align: inherit;\">Exploreaz\u0103 site-ul nostru pentru a afla mai multe:<\/font><\/font><\/p>\n\n\n\n\n\n<font style=\"vertical-align: inherit;\"><font style=\"vertical-align: inherit;\">o re\u0219edin\u021b\u0103 comunitar\u0103 ce ofer\u0103 asisten\u021b\u0103 socio-sanitar\u0103 de \u00eenalt\u0103 <\/font><\/font><bdo lang=\"ro\" dir=\"ltr\"><font style=\"vertical-align: inherit;\"><font style=\"vertical-align: inherit;\">calitate<\/font><\/font><\/bdo>\n\n\n\n\n\nCultivarea \u0219i prelucrarea plantelor medicinale ca instrumente terapeutice\n\n\n\n\n\nDedicat form\u0103rii profesionale \u0219i dezvolt\u0103rii personale.\n\n\n\n\n\nUn model de management etic \u0219i eficient care garanteaz\u0103 participarea \u0219i implicarea familiilor.\n\n\n\n\n\n<h2><span class=\"ez-toc-section\" id=\"Legaturi_Utile\"><\/span>Leg\u0103turi Utile<br><span class=\"ez-toc-section-end\"><\/span><\/h2>\n\n\n\n\n\n<p><a href=\"https:\/\/mmuncii.ro\/\" target=\"_blank\" rel=\"noopener\"><u>Ministerul Muncii \u0219i Solidarit\u0103\u021bii Sociale al Rom\u00e2niei<\/u><\/a><\/p>\n\n\n\n\n\n<a href=\"https:\/\/www.ms.ro\/\" target=\"_blank\" rel=\"noopener\"><u>Ministerul S\u0103n\u0103t\u0103\u021bii din Rom\u00e2nia<\/u><\/a>\n\n\n\n\n\n<a href=\"http:\/\/anpd.gov.ro\/web\/\" target=\"_blank\" rel=\"noopener\"><u>Autoritatea Na\u021bional\u0103 pentru Protec\u021bia Drepturilor Persoanelor cu Dizabilit\u0103\u021bi (ANPDPD)<\/u><\/a>\n\n\n\n\n\n<a href=\" https:\/\/anip.ro\/\"><u>Asocia\u021bia Na\u021bional\u0103 de \u00cengrijiri Paliative (ANIP)<\/u><\/a>\n\n\n\n\n\n<p><a href=\"https:\/\/www.apdrp.ro\/\" target=\"_blank\" rel=\"noopener\"><u>Re\u021beaua Na\u021bional\u0103 Rural\u0103 (NRN)<\/u><\/a><\/p>\n\n\n\n\n\n<p><\/p>\n","protected":false},"excerpt":{"rendered":"","protected":false},"author":2,"featured_media":0,"parent":0,"menu_order":1,"comment_status":"closed","ping_status":"closed","template":"","meta":{"pagelayer_contact_templates":[],"_pagelayer_content":"","footnotes":""},"class_list":["post-3415","page","type-page","status-publish","hentry"],"_links":{"self":[{"href":"https:\/\/haidegabriele.ro\/ro\/wp-json\/wp\/v2\/pages\/3415","targetHints":{"allow":["GET"]}}],"collection":[{"href":"https:\/\/haidegabriele.ro\/ro\/wp-json\/wp\/v2\/pages"}],"about":[{"href":"https:\/\/haidegabriele.ro\/ro\/wp-json\/wp\/v2\/types\/page"}],"author":[{"embeddable":true,"href":"https:\/\/haidegabriele.ro\/ro\/wp-json\/wp\/v2\/users\/2"}],"replies":[{"embeddable":true,"href":"https:\/\/haidegabriele.ro\/ro\/wp-json\/wp\/v2\/comments?post=3415"}],"version-history":[{"count":1,"href":"https:\/\/haidegabriele.ro\/ro\/wp-json\/wp\/v2\/pages\/3415\/revisions"}],"predecessor-version":[{"id":3416,"href":"https:\/\/haidegabriele.ro\/ro\/wp-json\/wp\/v2\/pages\/3415\/revisions\/3416"}],"wp:attachment":[{"href":"https:\/\/haidegabriele.ro\/ro\/wp-json\/wp\/v2\/media?parent=3415"}],"curies":[{"name":"wp","href":"https:\/\/api.w.org\/{rel}","templated":true}]}}